{"id":3,"date":"2022-05-06T07:43:34","date_gmt":"2022-05-06T07:43:34","guid":{"rendered":"http:\/\/savoy.cambia-marketing.it\/?page_id=3"},"modified":"2022-05-11T07:55:51","modified_gmt":"2022-05-11T07:55:51","slug":"privacy-policy","status":"publish","type":"page","link":"https:\/\/albergosavoy.com\/en\/privacy-policy\/","title":{"rendered":"Privacy Policy"},"content":{"rendered":"<h3 class=\"wp-block-heading\">Privacy e Cookie Policy<\/h3>\n\n\n\n<p><strong>Informativa per il trattamento dei dati personali ai sensi del Regolamento UE 2016\/679 sulla tutela della Privacy<\/strong><\/p>\n\n\n\n<p>In osservanza di quanto previsto dal Regolamento Europeo UE 2016\/679, Le riportiamo le dovute informazioni in ordine ai trattamenti che effettueremo dei Suoi dati personali e, pi\u00f9 precisamente, relative alle categorie di dati trattati, alle finalit\u00e0, alle modalit\u00e0 di gestione, all\u2019ambito di comunicazione e diffusione degli stessi, al periodo di conservazione previsto, alla possibilit\u00e0 di trasferimento dei dati in paesi terzi e all\u2019esistenza di processi di profilazione che potrebbero avere come oggetto di elaborazione i suoi dati personali.<\/p>\n\n\n\n<h3 class=\"wp-block-heading\">1. Finalit\u00e0 del trattamento<\/h3>\n\n\n\n<p>Il trattamento dei dati, a seconda dei servizi a lei erogabili per la cui adesione ci avr\u00e0 fornito i Suoi dati personali, avr\u00e0 le seguenti finalit\u00e0:<\/p>\n\n\n\n<ul class=\"wp-block-list\"><li>Finalit\u00e0 legate alle ai trattamenti effettuati per mezzo dei nostri siti web:<ul><li>fornire risposta alle richieste di informazione provenienti dall\u2019interessato<\/li><\/ul><\/li><\/ul>\n\n\n\n<h3 class=\"wp-block-heading\">2. Natura del conferimento<\/h3>\n\n\n\n<p>I Suoi dati personali vengono raccolti per dar seguito ad una sua richiesta esplicita ovvero per la prestazione di uno dei nostri servizio del quale Lei desidera usufruire. Alternativamente il trattamento sar\u00e0 sempre basato sul consenso.<\/p>\n\n\n\n<p>Il conferimento dei Suoi dati \u00e8 necessario in tutte le occasioni in cui venga da Lei richiesta l\u2019attivazione\/erogazione\/prestazione di un servizio tra quelli che le proponiamo (ovvero per i trattamenti con finalit\u00e0 sopra descritte).<\/p>\n\n\n\n<p>Il rifiuto di rilasciare il proprio consenso ai trattamenti con finalit\u00e0 di marketing non comporter\u00e0 alcuna conseguenza per l\u2019interessato in relazione alla possibilit\u00e0 di aderire agli altri servizi proposti.<\/p>\n\n\n\n<p>I consensi espressi dall\u2019utente potranno essere liberamente revocati in qualsiasi momento.<\/p>\n\n\n\n<h3 class=\"wp-block-heading\">3. Modalit\u00e0 del trattamento<\/h3>\n\n\n\n<p>Il trattamento dei Suoi Dati sar\u00e0 improntato ai principi di correttezza, liceit\u00e0 e trasparenza e sar\u00e0 effettuato con strumenti informatici ma anche con archivi cartacei atti all\u2019archiviazione, alla gestione e alla trasmissione. Il trattamento avverr\u00e0 mediante strumenti idonei, per quanto di ragione e allo stato della tecnica, a garantire la sicurezza e la riservatezza tramite l\u2019utilizzo di idonee procedure che evitino il rischio di perdita, accesso non autorizzato, uso illecito e diffusione.<\/p>\n\n\n\n<h3 class=\"wp-block-heading\">4. Ambito e finalit\u00e0 di comunicazione e diffusione<\/h3>\n\n\n\n<p>Potr\u00e0 venire a conoscenza dei Suoi dati il personale aziendale dipendente e\/o collaboratore appositamente nominato responsabile e\/o incaricato del trattamento.<\/p>\n\n\n\n<p>I dati personali potranno essere comunicati a terzi per adempiere ad obblighi di legge, ovvero per rispettare ordini provenienti da pubbliche autorit\u00e0 a ci\u00f2 legittimate ovvero per fare valere o difendere un diritto in sede giudiziaria.<\/p>\n\n\n\n<p>I Suoi dati personali non saranno diffusi n\u00e9 comunicati a terze parti per scopi diversi da quelli citati, salvo qualora richiesto da una norma di legge o di regolamento o dalla normativa comunitaria<\/p>\n\n\n\n<h3 class=\"wp-block-heading\">5. Trasferimento dei dati personali al di fuori dell\u2019Unione Europea<\/h3>\n\n\n\n<p>I dati personali da Lei forniti e trattati ai fini sopra descritti, non subiranno in alcun caso trasferimenti verso paesi non appartenenti all\u2019Unione Europea. Qualora in futuro si rendesse necessario un trasferimento, questo sar\u00e0 reso possibile solo a seguito di un Suo consenso informato ed esplicito.<\/p>\n\n\n\n<h3 class=\"wp-block-heading\">6.Tempi di conservazione<\/h3>\n\n\n\n<p>I Suoi dati personali saranno conservati solamente per i tempi in cui si renderanno necessari all\u2019attivazione\/erogazione\/prestazione del servizio da Lei sottoscritto e pi\u00f9 in generale, secondo quanto previsto per legge o da specifici provvedimenti emessi dall\u2019Autorit\u00e0 di Controllo nazionale o europea.<\/p>\n\n\n\n<h3 class=\"wp-block-heading\">7. Soggetti<\/h3>\n\n\n\n<p>Il Titolare del trattamento \u00e8:<br><strong>Giva Hotel s.r.l.<\/strong>, C.F. e P.IVA&nbsp;01839000468, sede legale in Via Edmondo de Amicis, 60 \u2013 55049 Viareggio (LU).<\/p>\n\n\n\n<h3 class=\"wp-block-heading\">8.&nbsp;COOKIE<\/h3>\n\n\n\n<p>I cookie sono piccoli file di testo, che il sito web inserisce nei dispositivi in uso, che siano computer o dispositivi mobili, salvati nelle directory utilizzate dal browser web dell\u2019utente. Vi sono vari tipi di cookie, alcuni per rendere pi\u00f9 efficace l\u2019uso del sito, altri per abilitare determinate funzionalit\u00e0.<br>Il sito albergosavoy.com utilizza cookie \u201ctecnici\u201d, quali i cookie di navigazione o sessione, ovvero strumenti diretti a rendere funzionale ed ottimizzare la navigazione e la fruizione del sito.<br>Sono presenti anche cookie analitici che raccolgono informazioni, in forma aggregata, sul numero degli utenti e su come gli stessi visitano il Sito. In particolare il sito si avvale del servizio Google Analytics, la cui cookie policy pu\u00f2 essere visionata all\u2019indirizzo&nbsp;<a href=\"https:\/\/support.google.com\/analytics\/answer\/6004245\" target=\"_blank\" rel=\"noopener\">HTTPS:\/\/SUPPORT.GOOGLE.COM\/ANALYTICS\/ANSWER\/6004245<\/a><br>Al fine di rispettare la privacy dei nostri utenti, il servizio \u00e8 utilizzato con la modalit\u00e0 \u201c_anonymizeip\u201d che consente di mascherare gli indirizzi IP degli utenti che visitano il sito.<br>Possono essere presenti anche ulteriori cookie di terze parti insiti nei servizi e applicazioni utilizzati dal sito (es. per la gestione delle mappe). Maggiori informazioni sull\u2019utilizzo di tali cookie si trovano su&nbsp;<a href=\"https:\/\/policies.google.com\/privacy?gl=it\" target=\"_blank\" rel=\"noopener\">HTTPS:\/\/POLICIES.GOOGLE.COM\/PRIVACY?GL=IT<\/a><br>Non sono presenti cookie di profilazione.<br>L\u2019Utente pu\u00f2 scegliere di abilitare o disabilitare i cookies intervenendo sulle impostazioni del proprio browser di navigazione secondo le istruzioni rese disponibili dai relativi fornitori ai link di seguito indicati:<\/p>\n\n\n\n<p>Impostazioni dei cookie in Internet Explorer<br><a href=\"https:\/\/support.microsoft.com\/it-it\/help\/17442\/windows-internet-explorer-delete-manage-cookies\" target=\"_blank\" rel=\"noopener\">HTTPS:\/\/SUPPORT.MICROSOFT.COM\/IT-IT\/HELP\/17442\/WINDOWS-INTERNET-EXPLORER-DELETE-MANAGE-COOKIES<\/a><\/p>\n\n\n\n<p>Impostazioni dei cookie in Firefox<br><a href=\"https:\/\/support.mozilla.org\/it\/kb\/Eliminare%20i%20cookie\" target=\"_blank\" rel=\"noopener\">\u2028HTTPS:\/\/SUPPORT.MOZILLA.ORG\/IT\/KB\/ELIMINARE%20I%20COOKIE<\/a><\/p>\n\n\n\n<p>Impostazioni dei cookie in Chrome<br><a href=\"https:\/\/support.google.com\/accounts\/answer\/61416?hl=it\" target=\"_blank\" rel=\"noopener\">HTTPS:\/\/SUPPORT.GOOGLE.COM\/ACCOUNTS\/ANSWER\/61416?HL=IT<\/a><\/p>\n\n\n\n<p>Impostazioni dei cookie in Safari e iOS<br><a href=\"https:\/\/support.apple.com\/kb\/PH17191?locale=it_IT&amp;viewlocale=it_IT\" target=\"_blank\" rel=\"noopener\">HTTPS:\/\/SUPPORT.APPLE.COM\/KB\/PH17191?LOCALE=IT_IT&amp;VIEWLOCALE=IT_IT<\/a><\/p>\n\n\n\n<p>La base giuridica di tali trattamento per finalit\u00e0 di gestione tecnica e di analisi statistica \u00e8 l\u2019interesse legittimo dei Titolari.<\/p>\n\n\n\n<h3 class=\"wp-block-heading\">9. Esercizio dei diritti<\/h3>\n\n\n\n<p>Le ricordiamo che potr\u00e0 in qualsiasi momento&nbsp;<strong>esercitare i diritti<\/strong>&nbsp;previsti dal Regolamento Europeo UE 2016\/679 trascritti in allegato.<\/p>\n\n\n\n<p>La informiamo pertanto che:<\/p>\n\n\n\n<ul class=\"wp-block-list\"><li>ha il diritto di chiedere al Titolare l\u2019accesso ai dati che la riguardano, la loro rettifica o la cancellazione, l\u2019integrazione dei dati incompleti, la limitazione del trattamento; di ricevere i Dati in un formato strutturato, di uso comune e leggibile da dispositivo automatico; di revocare il consenso eventualmente prestato relativamente al trattamento dei Suoi Dati sensibili in qualsiasi momento ed opporsi in tutto od in parte, all\u2019utilizzo dei Dati;<\/li><li>ha il diritto di proporre un reclamo al Garante per la protezione dei dati personali, seguendo le procedure e le indicazioni pubblicate sul sito web ufficiale dell\u2019Autorit\u00e0 su&nbsp;<a href=\"http:\/\/www.garanteprivacy.it\/\" target=\"_blank\" rel=\"noreferrer noopener\">www.garanteprivacy.it<\/a>.<\/li><li>ha il diritto di revocare il consenso in qualsiasi momento senza pregiudicare la liceit\u00e0 del trattamento basata sul consenso prestato prima della revoca;<\/li><\/ul>\n\n\n\n<p>Tali diritti possono essere esercitati scrivendo a mezzo posta cartacea direttamente al Titolare oppure tramite posta elettronica al seguente indirizzo e-mail&nbsp;<a href=\"mailto:info@albergosavoy.com\">info@albergosavoy.com<\/a>.<\/p>\n\n\n\n<p>Resta inteso che, laddove la richiesta di accesso sia presentata mediante mezzi elettronici, le informazioni saranno fornite in un formato elettronico di uso comune.<\/p>\n\n\n\n<p>L\u2019esercizio dei diritti non \u00e8 soggetto ad alcun vincolo di forma ed \u00e8 gratuito.<\/p>\n\n\n\n<p><em>Data ultimo aggiornamento 25\/05\/2018<\/em><\/p>","protected":false},"excerpt":{"rendered":"<p>Privacy e Cookie Policy Informativa per il trattamento dei dati personali ai sensi del Regolamento UE 2016\/679 sulla tutela della Privacy In osservanza di quanto previsto dal Regolamento Europeo UE 2016\/679, Le riportiamo le dovute informazioni in ordine ai trattamenti che effettueremo dei Suoi dati personali e, pi\u00f9 precisamente, relative alle categorie di dati trattati, [&hellip;]<\/p>","protected":false},"author":1,"featured_media":0,"parent":0,"menu_order":0,"comment_status":"closed","ping_status":"open","template":"","meta":{"footnotes":""},"class_list":["post-3","page","type-page","status-publish","hentry"],"_links":{"self":[{"href":"https:\/\/albergosavoy.com\/en\/wp-json\/wp\/v2\/pages\/3","targetHints":{"allow":["GET"]}}],"collection":[{"href":"https:\/\/albergosavoy.com\/en\/wp-json\/wp\/v2\/pages"}],"about":[{"href":"https:\/\/albergosavoy.com\/en\/wp-json\/wp\/v2\/types\/page"}],"author":[{"embeddable":true,"href":"https:\/\/albergosavoy.com\/en\/wp-json\/wp\/v2\/users\/1"}],"replies":[{"embeddable":true,"href":"https:\/\/albergosavoy.com\/en\/wp-json\/wp\/v2\/comments?post=3"}],"version-history":[{"count":1,"href":"https:\/\/albergosavoy.com\/en\/wp-json\/wp\/v2\/pages\/3\/revisions"}],"predecessor-version":[{"id":567,"href":"https:\/\/albergosavoy.com\/en\/wp-json\/wp\/v2\/pages\/3\/revisions\/567"}],"wp:attachment":[{"href":"https:\/\/albergosavoy.com\/en\/wp-json\/wp\/v2\/media?parent=3"}],"curies":[{"name":"wp","href":"https:\/\/api.w.org\/{rel}","templated":true}]}}