{"id":7218,"date":"2025-03-14T10:25:51","date_gmt":"2025-03-14T10:25:51","guid":{"rendered":"https:\/\/albergosavoy.com\/?page_id=7218"},"modified":"2025-04-11T08:58:32","modified_gmt":"2025-04-11T08:58:32","slug":"elementor-7218","status":"publish","type":"page","link":"https:\/\/albergosavoy.com\/de\/elementor-7218\/","title":{"rendered":"Bewertungen"},"content":{"rendered":"<div data-elementor-type=\"wp-page\" data-elementor-id=\"7218\" class=\"elementor elementor-7218\">\n\t\t\t\t\t\t\t\t\t<section class=\"elementor-section elementor-top-section elementor-element elementor-element-e916f2f elementor-section-boxed elementor-section-height-default elementor-section-height-default\" data-id=\"e916f2f\" data-element_type=\"section\">\n\t\t\t\t\t\t<div class=\"elementor-container elementor-column-gap-default\">\n\t\t\t\t\t<div class=\"elementor-column elementor-col-100 elementor-top-column elementor-element elementor-element-9a57aec\" data-id=\"9a57aec\" data-element_type=\"column\">\n\t\t\t<div class=\"elementor-widget-wrap elementor-element-populated\">\n\t\t\t\t\t\t\t\t<div class=\"elementor-element elementor-element-0225372 elementor-arrows-yes elementor-pagination-type-bullets elementor-review--has-separator elementor--star-style-star_fontawesome elementor-widget elementor-widget-reviews\" data-id=\"0225372\" data-element_type=\"widget\" data-settings=\"{&quot;show_arrows&quot;:&quot;yes&quot;,&quot;pagination&quot;:&quot;bullets&quot;,&quot;speed&quot;:500,&quot;autoplay&quot;:&quot;yes&quot;,&quot;autoplay_speed&quot;:5000,&quot;loop&quot;:&quot;yes&quot;,&quot;pause_on_hover&quot;:&quot;yes&quot;,&quot;pause_on_interaction&quot;:&quot;yes&quot;,&quot;space_between&quot;:{&quot;unit&quot;:&quot;px&quot;,&quot;size&quot;:10,&quot;sizes&quot;:[]},&quot;space_between_tablet&quot;:{&quot;unit&quot;:&quot;px&quot;,&quot;size&quot;:10,&quot;sizes&quot;:[]},&quot;space_between_mobile&quot;:{&quot;unit&quot;:&quot;px&quot;,&quot;size&quot;:10,&quot;sizes&quot;:[]}}\" data-widget_type=\"reviews.default\">\n\t\t\t\t<div class=\"elementor-widget-container\">\n\t\t\t<style>\/*! elementor - v3.12.2 - 23-04-2023 *\/\n@charset \"UTF-8\";.elementor-star-rating{color:#ccd6df;font-family:eicons;display:inline-block}.elementor-star-rating i{display:inline-block;position:relative;font-style:normal;cursor:default}.elementor-star-rating i:before{content:\"\\e934\";display:block;font-size:inherit;font-family:inherit;position:absolute;overflow:hidden;color:#f0ad4e;top:0;left:0}.elementor-star-rating .elementor-star-empty:before{content:none}.elementor-star-rating .elementor-star-1:before{width:10%}.elementor-star-rating .elementor-star-2:before{width:20%}.elementor-star-rating .elementor-star-3:before{width:30%}.elementor-star-rating .elementor-star-4:before{width:40%}.elementor-star-rating .elementor-star-5:before{width:50%}.elementor-star-rating .elementor-star-6:before{width:60%}.elementor-star-rating .elementor-star-7:before{width:70%}.elementor-star-rating .elementor-star-8:before{width:80%}.elementor-star-rating .elementor-star-9:before{width:90%}.elementor-star-rating__wrapper{display:flex;align-items:center}.elementor-star-rating__title{margin-right:10px}.elementor-star-rating--align-right .elementor-star-rating__wrapper{text-align:right;justify-content:flex-end}.elementor-star-rating--align-left .elementor-star-rating__wrapper{text-align:left;justify-content:flex-start}.elementor-star-rating--align-center .elementor-star-rating__wrapper{text-align:center;justify-content:center}.elementor-star-rating--align-justify .elementor-star-rating__title{margin-right:auto}@media (max-width:1024px){.elementor-star-rating-tablet--align-right .elementor-star-rating__wrapper{text-align:right;justify-content:flex-end}.elementor-star-rating-tablet--align-left .elementor-star-rating__wrapper{text-align:left;justify-content:flex-start}.elementor-star-rating-tablet--align-center .elementor-star-rating__wrapper{text-align:center;justify-content:center}.elementor-star-rating-tablet--align-justify .elementor-star-rating__title{margin-right:auto}}@media (max-width:767px){.elementor-star-rating-mobile--align-right .elementor-star-rating__wrapper{text-align:right;justify-content:flex-end}.elementor-star-rating-mobile--align-left .elementor-star-rating__wrapper{text-align:left;justify-content:flex-start}.elementor-star-rating-mobile--align-center .elementor-star-rating__wrapper{text-align:center;justify-content:center}.elementor-star-rating-mobile--align-justify .elementor-star-rating__title{margin-right:auto}}.last-star{letter-spacing:0}.elementor--star-style-star_unicode .elementor-star-rating{font-family:Arial,Helvetica,sans-serif}.elementor--star-style-star_unicode .elementor-star-rating i:not(.elementor-star-empty):before{content:\"\u2605\"}<\/style><link rel=\"stylesheet\" href=\"https:\/\/albergosavoy.com\/wp-content\/plugins\/elementor-pro\/assets\/css\/widget-carousel.min.css\">\t\t<div class=\"elementor-swiper\">\n\t\t\t<div class=\"elementor-main-swiper swiper-container\">\n\t\t\t\t<div class=\"swiper-wrapper\">\n\t\t\t\t\t\t\t\t\t\t\t<div class=\"swiper-slide\">\n\t\t\t\t\t\t\t\t\t<div class=\"elementor-testimonial elementor-repeater-item-27b20a5\">\n\t\t\t\t\t\t\t<div class=\"elementor-testimonial__header\">\n\t\t\t\t\t\t\t\t\t\t\t<div class=\"elementor-testimonial__image\">\n\t\t\t\t\t\t\t<img decoding=\"async\" src=\"https:\/\/albergosavoy.com\/wp-content\/uploads\/2025\/03\/IMMAGINE-PER-RECENSIONE.jpg\" alt=\"Silvia D.\">\n\t\t\t\t\t\t\t\t\t\t\t\t\t<\/div>\n\t\t\t\t\t\t\t\t\t\t<cite class=\"elementor-testimonial__cite\"><span class=\"elementor-testimonial__name\">Silvia D.<\/span><div class=\"elementor-star-rating\"><i class=\"elementor-star-full\">&#xE934;<\/i><i class=\"elementor-star-full\">&#xE934;<\/i><i class=\"elementor-star-full\">&#xE934;<\/i><i class=\"elementor-star-full\">&#xE934;<\/i><i class=\"elementor-star-full\">&#xE934;<\/i><\/div><span class=\"elementor-testimonial__title\">Ottima esperienza<\/span><\/cite>\t\t\t\t\t<div class=\"elementor-testimonial__icon elementor-icon elementor-icon-tripadvisor\"><i aria-hidden=\"true\" class=\"fab fa-tripadvisor\"><\/i><span class=\"elementor-screen-only\">Read More<\/span><\/div>\t\t\t\t<\/div>\n\t\t\t\t\t\t\t\t\t\t<div class=\"elementor-testimonial__content\">\n\t\t\t\t\t<div class=\"elementor-testimonial__text\">\n\t\t\t\t\t\tHo soggiornato 4 gg in questo meraviglioso hotel. Stanza tripla molto ampia, arredamento moderno e confortevole, terrazzino fronte spiaggia per godersi un bellissimo tramonto con tavolino e sfide. Struttura molto ben curata e pulita. Personale gentile e disponibile. Colazione super, molto varia tra dolce e salato.\nParcheggio auto gratuito e fuori dal caos del centro cittadino.\t\t\t\t\t<\/div>\n\t\t\t\t<\/div>\n\t\t\t\t\t<\/div>\n\t\t\t\t\t\t\t\t<\/div>\n\t\t\t\t\t\t\t\t\t\t\t<div class=\"swiper-slide\">\n\t\t\t\t\t\t\t\t\t<div class=\"elementor-testimonial elementor-repeater-item-3a55e83\">\n\t\t\t\t\t\t\t<div class=\"elementor-testimonial__header\">\n\t\t\t\t\t\t\t\t\t\t\t<div class=\"elementor-testimonial__image\">\n\t\t\t\t\t\t\t<img decoding=\"async\" src=\"https:\/\/albergosavoy.com\/wp-content\/uploads\/2025\/03\/IMMAGINE-PER-RECENSIONE.jpg\" alt=\"Mariateresa B.\">\n\t\t\t\t\t\t\t\t\t\t\t\t\t<\/div>\n\t\t\t\t\t\t\t\t\t\t<cite class=\"elementor-testimonial__cite\"><span class=\"elementor-testimonial__name\">Mariateresa B.<\/span><div class=\"elementor-star-rating\"><i class=\"elementor-star-full\">&#xE934;<\/i><i class=\"elementor-star-full\">&#xE934;<\/i><i class=\"elementor-star-full\">&#xE934;<\/i><i class=\"elementor-star-full\">&#xE934;<\/i><i class=\"elementor-star-full\">&#xE934;<\/i><\/div><span class=\"elementor-testimonial__title\">Ottimo soggiorno<\/span><\/cite>\t\t\t\t\t<div class=\"elementor-testimonial__icon elementor-icon elementor-icon-tripadvisor\"><i aria-hidden=\"true\" class=\"fab fa-tripadvisor\"><\/i><span class=\"elementor-screen-only\">Read More<\/span><\/div>\t\t\t\t<\/div>\n\t\t\t\t\t\t\t\t\t\t<div class=\"elementor-testimonial__content\">\n\t\t\t\t\t<div class=\"elementor-testimonial__text\">\n\t\t\t\t\t\tHotel consigliato!!\nLa nostra camera era piccola, ma aveva tutti i confort a partire dal letto comodissimo, cosa importantissima, ottima la colazione .\nMare vicinissimo, terrazza con un panorama stupendo ideale per aperitivo al tramonto e l\u2019idromassaggio per rilassarsi con vista mare, che cosa volere di pi\u00f9!\nTutto il personale veramente carino e disponibile, bravi!!\t\t\t\t\t<\/div>\n\t\t\t\t<\/div>\n\t\t\t\t\t<\/div>\n\t\t\t\t\t\t\t\t<\/div>\n\t\t\t\t\t\t\t\t\t\t\t<div class=\"swiper-slide\">\n\t\t\t\t\t\t\t\t\t<div class=\"elementor-testimonial elementor-repeater-item-6754daf\">\n\t\t\t\t\t\t\t<div class=\"elementor-testimonial__header\">\n\t\t\t\t\t\t\t\t\t\t\t<div class=\"elementor-testimonial__image\">\n\t\t\t\t\t\t\t<img decoding=\"async\" src=\"https:\/\/albergosavoy.com\/wp-content\/uploads\/2025\/03\/IMMAGINE-PER-RECENSIONE.jpg\" alt=\"Vincenzo F.\">\n\t\t\t\t\t\t\t\t\t\t\t\t\t<\/div>\n\t\t\t\t\t\t\t\t\t\t<cite class=\"elementor-testimonial__cite\"><span class=\"elementor-testimonial__name\">Vincenzo F.<\/span><div class=\"elementor-star-rating\"><i class=\"elementor-star-full\">&#xE934;<\/i><i class=\"elementor-star-full\">&#xE934;<\/i><i class=\"elementor-star-full\">&#xE934;<\/i><i class=\"elementor-star-full\">&#xE934;<\/i><i class=\"elementor-star-full\">&#xE934;<\/i><\/div><span class=\"elementor-testimonial__title\">Bellissima vacanza<\/span><\/cite>\t\t\t\t\t<div class=\"elementor-testimonial__icon elementor-icon elementor-icon-tripadvisor\"><i aria-hidden=\"true\" class=\"fab fa-tripadvisor\"><\/i><span class=\"elementor-screen-only\">Read More<\/span><\/div>\t\t\t\t<\/div>\n\t\t\t\t\t\t\t\t\t\t<div class=\"elementor-testimonial__content\">\n\t\t\t\t\t<div class=\"elementor-testimonial__text\">\n\t\t\t\t\t\tAbbiamo soggiornato una settimana e devo dire che tutto \u00e8 sopra le aspettative, ottima colazione , camera insonorizzata , personale super gentile, ottima convenzione con un bagno li vicino e non ultimo una splendida terrazza con idromassaggio e piccola piscina dove la sera di ferragosto hanno offerto un apericena di qualit\u00e0\nPosizione strategica\nComplimenti\t\t\t\t\t<\/div>\n\t\t\t\t<\/div>\n\t\t\t\t\t<\/div>\n\t\t\t\t\t\t\t\t<\/div>\n\t\t\t\t\t\t\t\t\t\t\t<div class=\"swiper-slide\">\n\t\t\t\t\t\t\t\t\t<div class=\"elementor-testimonial elementor-repeater-item-2da31e1\">\n\t\t\t\t\t\t\t<div class=\"elementor-testimonial__header\">\n\t\t\t\t\t\t\t\t\t\t\t<div class=\"elementor-testimonial__image\">\n\t\t\t\t\t\t\t<img decoding=\"async\" src=\"https:\/\/albergosavoy.com\/wp-content\/uploads\/2025\/03\/IMMAGINE-PER-RECENSIONE.jpg\" alt=\"Lauren\">\n\t\t\t\t\t\t\t\t\t\t\t\t\t<\/div>\n\t\t\t\t\t\t\t\t\t\t<cite class=\"elementor-testimonial__cite\"><span class=\"elementor-testimonial__name\">Lauren<\/span><div class=\"elementor-star-rating\"><i class=\"elementor-star-full\">&#xE934;<\/i><i class=\"elementor-star-full\">&#xE934;<\/i><i class=\"elementor-star-full\">&#xE934;<\/i><i class=\"elementor-star-full\">&#xE934;<\/i><i class=\"elementor-star-full\">&#xE934;<\/i><\/div><span class=\"elementor-testimonial__title\">Piccolo gioiello<\/span><\/cite>\t\t\t\t\t<div class=\"elementor-testimonial__icon elementor-icon elementor-icon-tripadvisor\"><i aria-hidden=\"true\" class=\"fab fa-tripadvisor\"><\/i><span class=\"elementor-screen-only\">Read More<\/span><\/div>\t\t\t\t<\/div>\n\t\t\t\t\t\t\t\t\t\t<div class=\"elementor-testimonial__content\">\n\t\t\t\t\t<div class=\"elementor-testimonial__text\">\n\t\t\t\t\t\tQuesto hotel \u00e8 un piccolo gioiello bella vista dal tetto e tramonto incantevole. L'hotel \u00e8 pulito e i letti sono cos\u00ec comodi. Tutto il personale \u00e8 molto cordiale e ci ha aiutato a trovare bei ristoranti nelle vicinanze. La piscina \u00e8 piccola ma andava perfettamente bene per noi e la mia bambina. La zona \u00e8 bellissima anche e la fermata dell'autobus \u00e8 proprio fuori dall'hotel che vi porter\u00e0 alle stazioni ferroviarie o lungo la costa a forte de marmi. Mi piacerebbe tornare in hotel, si spera l'anno prossimo.\t\t\t\t\t<\/div>\n\t\t\t\t<\/div>\n\t\t\t\t\t<\/div>\n\t\t\t\t\t\t\t\t<\/div>\n\t\t\t\t\t\t\t\t\t\t\t<div class=\"swiper-slide\">\n\t\t\t\t\t\t\t\t\t<div class=\"elementor-testimonial elementor-repeater-item-e8eb370\">\n\t\t\t\t\t\t\t<div class=\"elementor-testimonial__header\">\n\t\t\t\t\t\t\t\t\t\t\t<div class=\"elementor-testimonial__image\">\n\t\t\t\t\t\t\t<img decoding=\"async\" src=\"https:\/\/albergosavoy.com\/wp-content\/uploads\/2025\/03\/IMMAGINE-PER-RECENSIONE.jpg\" alt=\"Rossella L.\">\n\t\t\t\t\t\t\t\t\t\t\t\t\t<\/div>\n\t\t\t\t\t\t\t\t\t\t<cite class=\"elementor-testimonial__cite\"><span class=\"elementor-testimonial__name\">Rossella L.<\/span><div class=\"elementor-star-rating\"><i class=\"elementor-star-full\">&#xE934;<\/i><i class=\"elementor-star-full\">&#xE934;<\/i><i class=\"elementor-star-full\">&#xE934;<\/i><i class=\"elementor-star-full\">&#xE934;<\/i><i class=\"elementor-star-full\">&#xE934;<\/i><\/div><span class=\"elementor-testimonial__title\">Un incanto a Marina di Pietrasanta<\/span><\/cite>\t\t\t\t\t<div class=\"elementor-testimonial__icon elementor-icon elementor-icon-tripadvisor\"><i aria-hidden=\"true\" class=\"fab fa-tripadvisor\"><\/i><span class=\"elementor-screen-only\">Read More<\/span><\/div>\t\t\t\t<\/div>\n\t\t\t\t\t\t\t\t\t\t<div class=\"elementor-testimonial__content\">\n\t\t\t\t\t<div class=\"elementor-testimonial__text\">\n\t\t\t\t\t\tHo soggiornato in questo bellissimo hotel con mio marito e mia figlia di soli due mesi per 4 notti ad agosto e ci siamo trovati benissimo. L\u2019hotel \u00e8 vicinissimo al mare (basta attraversare la strada), camere nuove, pulitissime e confortevoli (noi avevamo una camera con vista mare laterale che era una delizia) colazione ricca per tutti i gusti, personale super gentile e competente; ci hanno offerto un aperitivo sulla terrazza davvero incantevole. Complimenti a tutti per l\u2019amore con cui sapete accogliere gli ospiti. Siamo andati via rigenerati e con la promessa di tornare.\t\t\t\t\t<\/div>\n\t\t\t\t<\/div>\n\t\t\t\t\t<\/div>\n\t\t\t\t\t\t\t\t<\/div>\n\t\t\t\t\t\t\t\t\t\t\t<div class=\"swiper-slide\">\n\t\t\t\t\t\t\t\t\t<div class=\"elementor-testimonial elementor-repeater-item-7d8fcd6\">\n\t\t\t\t\t\t\t<div class=\"elementor-testimonial__header\">\n\t\t\t\t\t\t\t\t\t\t\t<div class=\"elementor-testimonial__image\">\n\t\t\t\t\t\t\t<img decoding=\"async\" src=\"https:\/\/albergosavoy.com\/wp-content\/uploads\/2025\/03\/IMMAGINE-PER-RECENSIONE.jpg\" alt=\"Mario Rossi\">\n\t\t\t\t\t\t\t\t\t\t\t\t\t<\/div>\n\t\t\t\t\t\t\t\t\t\t<cite class=\"elementor-testimonial__cite\"><span class=\"elementor-testimonial__name\">Mario Rossi<\/span><div class=\"elementor-star-rating\"><i class=\"elementor-star-full\">&#xE934;<\/i><i class=\"elementor-star-full\">&#xE934;<\/i><i class=\"elementor-star-full\">&#xE934;<\/i><i class=\"elementor-star-full\">&#xE934;<\/i><i class=\"elementor-star-full\">&#xE934;<\/i><\/div><span class=\"elementor-testimonial__title\">Ineccepibile<\/span><\/cite>\t\t\t\t\t<div class=\"elementor-testimonial__icon elementor-icon elementor-icon-tripadvisor\"><i aria-hidden=\"true\" class=\"fab fa-tripadvisor\"><\/i><span class=\"elementor-screen-only\">Read More<\/span><\/div>\t\t\t\t<\/div>\n\t\t\t\t\t\t\t\t\t\t<div class=\"elementor-testimonial__content\">\n\t\t\t\t\t<div class=\"elementor-testimonial__text\">\n\t\t\t\t\t\tHotel scelto x la posizione. Comodo x andare al concerto La Prima Estate. L\u2019esperienza \u00e8 stata superiore alle aspettative! Gentilissimi e professionali alla reception e alla colazione. Camera tripla fronte Mare spaziosa, bella vista, con ogni comodit\u00e0. Infissi insonorizzati. Colazione ricca, completa, con dolci buonissimi fatti da loro. Posizione ottima sul lungomare a met\u00e0 circa tra Viareggio e Forte dei Marmi. Ritorneremo volentieri \t\t\t\t\t<\/div>\n\t\t\t\t<\/div>\n\t\t\t\t\t<\/div>\n\t\t\t\t\t\t\t\t<\/div>\n\t\t\t\t\t\t\t\t\t\t\t<div class=\"swiper-slide\">\n\t\t\t\t\t\t\t\t\t<div class=\"elementor-testimonial elementor-repeater-item-39e8880\">\n\t\t\t\t\t\t\t<div class=\"elementor-testimonial__header\">\n\t\t\t\t\t\t\t\t\t\t\t<div class=\"elementor-testimonial__image\">\n\t\t\t\t\t\t\t<img decoding=\"async\" src=\"https:\/\/albergosavoy.com\/wp-content\/uploads\/2025\/03\/IMMAGINE-PER-RECENSIONE.jpg\" alt=\"Beatrix70\">\n\t\t\t\t\t\t\t\t\t\t\t\t\t<\/div>\n\t\t\t\t\t\t\t\t\t\t<cite class=\"elementor-testimonial__cite\"><span class=\"elementor-testimonial__name\">Beatrix70<\/span><div class=\"elementor-star-rating\"><i class=\"elementor-star-full\">&#xE934;<\/i><i class=\"elementor-star-full\">&#xE934;<\/i><i class=\"elementor-star-full\">&#xE934;<\/i><i class=\"elementor-star-full\">&#xE934;<\/i><i class=\"elementor-star-full\">&#xE934;<\/i><\/div><span class=\"elementor-testimonial__title\">Ottimo Hotel in Versilia<\/span><\/cite>\t\t\t\t\t<div class=\"elementor-testimonial__icon elementor-icon elementor-icon-tripadvisor\"><i aria-hidden=\"true\" class=\"fab fa-tripadvisor\"><\/i><span class=\"elementor-screen-only\">Read More<\/span><\/div>\t\t\t\t<\/div>\n\t\t\t\t\t\t\t\t\t\t<div class=\"elementor-testimonial__content\">\n\t\t\t\t\t<div class=\"elementor-testimonial__text\">\n\t\t\t\t\t\tHo soggiornato qui per 2 notti, e consiglio a tutti il Savoy!\nPosizione eccellente tra Le Focette e Lido di Camaiore, camere pulitissime e staff super gentile, dalle cameriere ai piani, ai responsabili della reception, alle ragazze della colazione (che \u00e8 ottima e varia). \nCi hanno anche offerto un aperitivo sulla bella terrazza all\u2019ultimo piano, dove si gode uno splendido tramonto. Grazie e continuate cosi!\t\t\t\t\t<\/div>\n\t\t\t\t<\/div>\n\t\t\t\t\t<\/div>\n\t\t\t\t\t\t\t\t<\/div>\n\t\t\t\t\t\t\t\t\t\t\t<div class=\"swiper-slide\">\n\t\t\t\t\t\t\t\t\t<div class=\"elementor-testimonial elementor-repeater-item-2fc5d0c\">\n\t\t\t\t\t\t\t<div class=\"elementor-testimonial__header\">\n\t\t\t\t\t\t\t\t\t\t\t<div class=\"elementor-testimonial__image\">\n\t\t\t\t\t\t\t<img decoding=\"async\" src=\"https:\/\/albergosavoy.com\/wp-content\/uploads\/2025\/03\/IMMAGINE-PER-RECENSIONE.jpg\" alt=\"Cristel\">\n\t\t\t\t\t\t\t\t\t\t\t\t\t<\/div>\n\t\t\t\t\t\t\t\t\t\t<cite class=\"elementor-testimonial__cite\"><span class=\"elementor-testimonial__name\">Cristel<\/span><div class=\"elementor-star-rating\"><i class=\"elementor-star-full\">&#xE934;<\/i><i class=\"elementor-star-full\">&#xE934;<\/i><i class=\"elementor-star-full\">&#xE934;<\/i><i class=\"elementor-star-full\">&#xE934;<\/i><i class=\"elementor-star-full\">&#xE934;<\/i><\/div><span class=\"elementor-testimonial__title\">Consigliatissimo!!!<\/span><\/cite>\t\t\t\t\t<div class=\"elementor-testimonial__icon elementor-icon elementor-icon-tripadvisor\"><i aria-hidden=\"true\" class=\"fab fa-tripadvisor\"><\/i><span class=\"elementor-screen-only\">Read More<\/span><\/div>\t\t\t\t<\/div>\n\t\t\t\t\t\t\t\t\t\t<div class=\"elementor-testimonial__content\">\n\t\t\t\t\t<div class=\"elementor-testimonial__text\">\n\t\t\t\t\t\tHotel molto bello con camere rinnovate e pulitissime, io e il mio compagno avevamo una Superior fronte mare che oltre ad avere una bellissima visuale era impeccabile..\nBagno nuovissimo come tutto il resto.\nTerrazza solarium stupenda da cui si vede il mondo ( c'\u00e8 anche una vasca idromassaggio)\nStaff gentilissimo e professionale..\nColazione ottima.\n\u00c8 un tre stelle ma offre un servizio da quattro ...consigliatissimo...\nComplimenti a tutti...\t\t\t\t\t<\/div>\n\t\t\t\t<\/div>\n\t\t\t\t\t<\/div>\n\t\t\t\t\t\t\t\t<\/div>\n\t\t\t\t\t\t\t\t\t\t\t<div class=\"swiper-slide\">\n\t\t\t\t\t\t\t\t\t<div class=\"elementor-testimonial elementor-repeater-item-6e00572\">\n\t\t\t\t\t\t\t<div class=\"elementor-testimonial__header\">\n\t\t\t\t\t\t\t\t\t\t\t<div class=\"elementor-testimonial__image\">\n\t\t\t\t\t\t\t<img decoding=\"async\" src=\"https:\/\/albergosavoy.com\/wp-content\/uploads\/2025\/03\/IMMAGINE-PER-RECENSIONE.jpg\" alt=\"Soggiorno tranquillo circondato da splendidi panorami.\">\n\t\t\t\t\t\t\t\t\t\t\t\t\t<\/div>\n\t\t\t\t\t\t\t\t\t\t<cite class=\"elementor-testimonial__cite\"><span class=\"elementor-testimonial__name\">Soggiorno tranquillo circondato da splendidi panorami.<\/span><div class=\"elementor-star-rating\"><i class=\"elementor-star-full\">&#xE934;<\/i><i class=\"elementor-star-full\">&#xE934;<\/i><i class=\"elementor-star-full\">&#xE934;<\/i><i class=\"elementor-star-full\">&#xE934;<\/i><i class=\"elementor-star-full\">&#xE934;<\/i><\/div><span class=\"elementor-testimonial__title\">RosieMilo<\/span><\/cite>\t\t\t\t\t<div class=\"elementor-testimonial__icon elementor-icon elementor-icon-tripadvisor\"><i aria-hidden=\"true\" class=\"fab fa-tripadvisor\"><\/i><span class=\"elementor-screen-only\">Read More<\/span><\/div>\t\t\t\t<\/div>\n\t\t\t\t\t\t\t\t\t\t<div class=\"elementor-testimonial__content\">\n\t\t\t\t\t<div class=\"elementor-testimonial__text\">\n\t\t\t\t\t\tQuesto era il nostro secondo soggiorno in questo hotel e abbiamo trovato la nostra visita piacevole come la prima. L'hotel si trova direttamente di fronte al lungomare ed \u00e8 situato a met\u00e0 strada tra il porto turistico di Pietrasanta e Viareggio.\n\nL'hotel era tenuto estremamente pulito, cos\u00ec come le camere che sono confortevoli. C'\u00e8 una terrazza solarium sul tetto, una piccola piscina e una vasca idromassaggio che offrivano uno spazio tranquillo per rilassarsi e offrivano fantastiche viste a 360 gradi.\n\nI proprietari sono stati molto accomodanti e disponibili. Ci hanno fornito informazioni e aiutato a prenotare taxi ecc.\t\t\t\t\t<\/div>\n\t\t\t\t<\/div>\n\t\t\t\t\t<\/div>\n\t\t\t\t\t\t\t\t<\/div>\n\t\t\t\t\t\t\t\t\t\t\t<div class=\"swiper-slide\">\n\t\t\t\t\t\t\t\t\t<div class=\"elementor-testimonial elementor-repeater-item-c5c8185\">\n\t\t\t\t\t\t\t<div class=\"elementor-testimonial__header\">\n\t\t\t\t\t\t\t\t\t\t\t<div class=\"elementor-testimonial__image\">\n\t\t\t\t\t\t\t<img decoding=\"async\" src=\"https:\/\/albergosavoy.com\/wp-content\/uploads\/2025\/03\/IMMAGINE-PER-RECENSIONE.jpg\" alt=\"Eccellente\">\n\t\t\t\t\t\t\t\t\t\t\t\t\t<\/div>\n\t\t\t\t\t\t\t\t\t\t<cite class=\"elementor-testimonial__cite\"><span class=\"elementor-testimonial__name\">Eccellente<\/span><div class=\"elementor-star-rating\"><i class=\"elementor-star-full\">&#xE934;<\/i><i class=\"elementor-star-full\">&#xE934;<\/i><i class=\"elementor-star-full\">&#xE934;<\/i><i class=\"elementor-star-full\">&#xE934;<\/i><i class=\"elementor-star-full\">&#xE934;<\/i><\/div><span class=\"elementor-testimonial__title\">Frettella<\/span><\/cite>\t\t\t\t\t<div class=\"elementor-testimonial__icon elementor-icon elementor-icon-tripadvisor\"><i aria-hidden=\"true\" class=\"fab fa-tripadvisor\"><\/i><span class=\"elementor-screen-only\">Read More<\/span><\/div>\t\t\t\t<\/div>\n\t\t\t\t\t\t\t\t\t\t<div class=\"elementor-testimonial__content\">\n\t\t\t\t\t<div class=\"elementor-testimonial__text\">\n\t\t\t\t\t\tHotel in ottima posizione e eccellente anche l'accuratezza e la qualit\u00e0 del servizio.\nIl personale alla reception \u00e8 disponibile e cordiale, soprattutto Nicola che ci ha guidato nella scelta dei luoghi da visitare e dei ristoranti.\nLe ragazze addette alla ricca colazione, sono professionali e attente alla soddisfazione dei clienti, la pulizia della camera perfetta e l'addetta alla pulizia gentile e professionale!\n\nConsigliatissimo \ud83d\ude42\t\t\t\t\t<\/div>\n\t\t\t\t<\/div>\n\t\t\t\t\t<\/div>\n\t\t\t\t\t\t\t\t<\/div>\n\t\t\t\t\t\t\t\t\t<\/div>\n\t\t\t\t\t\t\t\t\t\t\t\t\t\t\t<div class=\"swiper-pagination\"><\/div>\n\t\t\t\t\t\t\t\t\t\t\t\t\t\t\t\t<div class=\"elementor-swiper-button elementor-swiper-button-prev\">\n\t\t\t\t\t\t\t<i aria-hidden=\"true\" class=\"eicon-chevron-left\"><\/i>\t\t\t\t\t\t\t<span class=\"elementor-screen-only\">Previous<\/span>\n\t\t\t\t\t\t<\/div>\n\t\t\t\t\t\t<div class=\"elementor-swiper-button elementor-swiper-button-next\">\n\t\t\t\t\t\t\t<i aria-hidden=\"true\" class=\"eicon-chevron-right\"><\/i>\t\t\t\t\t\t\t<span class=\"elementor-screen-only\">Next<\/span>\n\t\t\t\t\t\t<\/div>\n\t\t\t\t\t\t\t\t\t\t\t\t<\/div>\n\t\t<\/div>\n\t\t\t\t<\/div>\n\t\t\t\t<\/div>\n\t\t\t\t\t<\/div>\n\t\t<\/div>\n\t\t\t\t\t\t\t<\/div>\n\t\t<\/section>\n\t\t\t\t\t\t\t<\/div>","protected":false},"excerpt":{"rendered":"<p>Silvia D.&#xE934;&#xE934;&#xE934;&#xE934;&#xE934;Ottima esperienza Leggi Tutto Ho soggiornato 4 gg in questo meraviglioso hotel. Stanza tripla molto ampia, arredamento moderno e confortevole, terrazzino fronte spiaggia per godersi un bellissimo tramonto con tavolino e sfide. Struttura molto ben curata e pulita. Personale gentile e disponibile. Colazione super, molto varia tra dolce e salato. Parcheggio auto gratuito e [&hellip;]<\/p>","protected":false},"author":2,"featured_media":0,"parent":0,"menu_order":0,"comment_status":"closed","ping_status":"closed","template":"","meta":{"footnotes":""},"class_list":["post-7218","page","type-page","status-publish","hentry"],"_links":{"self":[{"href":"https:\/\/albergosavoy.com\/de\/wp-json\/wp\/v2\/pages\/7218","targetHints":{"allow":["GET"]}}],"collection":[{"href":"https:\/\/albergosavoy.com\/de\/wp-json\/wp\/v2\/pages"}],"about":[{"href":"https:\/\/albergosavoy.com\/de\/wp-json\/wp\/v2\/types\/page"}],"author":[{"embeddable":true,"href":"https:\/\/albergosavoy.com\/de\/wp-json\/wp\/v2\/users\/2"}],"replies":[{"embeddable":true,"href":"https:\/\/albergosavoy.com\/de\/wp-json\/wp\/v2\/comments?post=7218"}],"version-history":[{"count":29,"href":"https:\/\/albergosavoy.com\/de\/wp-json\/wp\/v2\/pages\/7218\/revisions"}],"predecessor-version":[{"id":7665,"href":"https:\/\/albergosavoy.com\/de\/wp-json\/wp\/v2\/pages\/7218\/revisions\/7665"}],"wp:attachment":[{"href":"https:\/\/albergosavoy.com\/de\/wp-json\/wp\/v2\/media?parent=7218"}],"curies":[{"name":"wp","href":"https:\/\/api.w.org\/{rel}","templated":true}]}}