{"id":7128,"date":"2025-03-12T14:15:58","date_gmt":"2025-03-12T14:15:58","guid":{"rendered":"https:\/\/albergosavoy.com\/?page_id=7128"},"modified":"2025-03-14T11:09:12","modified_gmt":"2025-03-14T11:09:12","slug":"10-motivi-per-scegliere-hotel-savoy","status":"publish","type":"page","link":"https:\/\/albergosavoy.com\/de\/10-motivi-per-scegliere-hotel-savoy\/","title":{"rendered":"10 GUTE GR\u00dcNDE, SICH F\u00dcR UNS ZU ENTSCHIEDEN"},"content":{"rendered":"<div data-elementor-type=\"wp-page\" data-elementor-id=\"7128\" class=\"elementor elementor-7128\">\n\t\t\t\t\t\t\t\t\t<section class=\"elementor-section elementor-top-section elementor-element elementor-element-344907f2 elementor-section-boxed elementor-section-height-default elementor-section-height-default\" data-id=\"344907f2\" data-element_type=\"section\">\n\t\t\t\t\t\t<div class=\"elementor-container elementor-column-gap-default\">\n\t\t\t\t\t<div class=\"elementor-column elementor-col-100 elementor-top-column elementor-element elementor-element-2af99b7b\" data-id=\"2af99b7b\" data-element_type=\"column\">\n\t\t\t<div class=\"elementor-widget-wrap elementor-element-populated\">\n\t\t\t\t\t\t\t\t<div class=\"elementor-element elementor-element-7b0b6492 elementor-widget elementor-widget-text-editor\" data-id=\"7b0b6492\" data-element_type=\"widget\" data-widget_type=\"text-editor.default\">\n\t\t\t\t<div class=\"elementor-widget-container\">\n\t\t\t<style>\/*! elementor - v3.12.2 - 23-04-2023 *\/\n.elementor-widget-text-editor.elementor-drop-cap-view-stacked .elementor-drop-cap{background-color:#69727d;color:#fff}.elementor-widget-text-editor.elementor-drop-cap-view-framed .elementor-drop-cap{color:#69727d;border:3px solid;background-color:transparent}.elementor-widget-text-editor:not(.elementor-drop-cap-view-default) .elementor-drop-cap{margin-top:8px}.elementor-widget-text-editor:not(.elementor-drop-cap-view-default) .elementor-drop-cap-letter{width:1em;height:1em}.elementor-widget-text-editor .elementor-drop-cap{float:left;text-align:center;line-height:1;font-size:50px}.elementor-widget-text-editor .elementor-drop-cap-letter{display:inline-block}<\/style>\t\t\t\t<ul class=\"wp-block-list\">\n<li style=\"list-style-type: none;\">\n<ul class=\"wp-block-list\"><!-- wp:list-item --><\/ul>\n<\/li>\n<\/ul>\n<p>\u00a0<\/p>\n<ul class=\"wp-block-list\">\n<li style=\"list-style-type: none;\">\n<ul class=\"wp-block-list\">\n<li class=\" translation-block\"><strong>Panoramaterrasse mit atemberaubender Aussicht <\/strong>: Die Hotelterrasse bietet einen spektakul\u00e4ren Blick auf das Meer und die Apuanischen Alpen \u2013 der perfekte Ort, um bei einem Aperitif den Sonnenuntergang zu genie\u00dfen oder den Tag mit einem Fr\u00fchst\u00fcck im Freien zu beginnen.<\/li>\n<\/ul>\n<\/li>\n<\/ul>\n<p><!-- \/wp:list-item --><!-- wp:list-item --><\/p>\n<ul class=\"wp-block-list\">\n<li style=\"list-style-type: none;\">\n<ul class=\"wp-block-list\">\n<li><strong>Direkte Strandlage, nur wenige Schritte von allem entfernt:<\/strong> Das Hotel liegt direkt an der Strandpromenade und bietet einfachen Zugang zum Strand sowie einen herrlichen Panoramablick auf das Meer. Nur wenige Schritte entfernt befindet sich der Parco Bussoladomani, bekannt f\u00fcr seine kulturellen Veranstaltungen und Sommerauff\u00fchrungen.<br \/>Inoltre, \u00e8 vicino al Pontile di Tonfano, ideale per una passeggiata panoramica sul mare, e a breve distanza da gallerie d\u2019arte, ristoranti tipici e boutique eleganti. La posizione \u00e8 perfetta anche per raggiungere in pochi minuti le rinomate localit\u00e0 della Versilia, come Forte dei Marmi e Viareggio.<\/li>\n<\/ul>\n<\/li>\n<\/ul>\n<p><!-- \/wp:list-item --><!-- wp:list-item --><\/p>\n<ul class=\"wp-block-list\">\n<li style=\"list-style-type: none;\">\n<ul class=\"wp-block-list\">\n<li><strong>Komfortable und schallisolierte Zimmer:<\/strong> Die Zimmer sind modern eingerichtet, einige verf\u00fcgen \u00fcber einen privaten Balkon und bieten alle Annehmlichkeiten f\u00fcr einen angenehmen Aufenthalt.<\/li>\n<\/ul>\n<\/li>\n<\/ul>\n<p><!-- \/wp:list-item --><!-- wp:list-item --><\/p>\n<ul class=\"wp-block-list\">\n<li style=\"list-style-type: none;\">\n<ul class=\"wp-block-list\">\n<li><strong>Kleiner Pool und Panorama-Whirlpool auf der Dachterrasse:<\/strong> Die Unterkunft verf\u00fcgt \u00fcber einen Pool und einen Whirlpool auf dem Dach mit Sonnenbereich \u2013 ideal, um sich zu entspannen, den Ausblick zu genie\u00dfen und dabei einen Drink zu trinken.<\/li>\n<\/ul>\n<\/li>\n<\/ul>\n<p><!-- \/wp:list-item --><!-- wp:list-item --><\/p>\n<ul class=\"wp-block-list\">\n<li style=\"list-style-type: none;\">\n<ul class=\"wp-block-list\">\n<li><strong>Schnelles, kostenloses WLAN: <\/strong>Kostenloser Internetzugang ist im gesamten Hotel verf\u00fcgbar \u2013 ideal f\u00fcr alle, die arbeiten oder sich online entspannen m\u00f6chten.<\/li>\n<\/ul>\n<\/li>\n<\/ul>\n<p><!-- \/wp:list-item --><!-- wp:list-item --><\/p>\n<ul class=\"wp-block-list\">\n<li style=\"list-style-type: none;\">\n<ul class=\"wp-block-list\">\n<li><strong>Privatparkplatz:<\/strong> gli ospiti possono usufruire di un parcheggio privato, garantendo comodit\u00e0 e sicurezza per i propri veicoli.<\/li>\n<\/ul>\n<\/li>\n<\/ul>\n<p><!-- \/wp:list-item --><!-- wp:list-item --><\/p>\n<ul class=\"wp-block-list\">\n<li style=\"list-style-type: none;\">\n<ul class=\"wp-block-list\">\n<li><strong>Freundliches und hilfsbereites Personal:<\/strong> il team dell&#8217;hotel \u00e8 apprezzato per la sua professionalit\u00e0 ed attenzione verso gli ospiti.<\/li>\n<\/ul>\n<\/li>\n<\/ul>\n<p><!-- \/wp:list-item --><!-- wp:list-item --><\/p>\n<ul class=\"wp-block-list\">\n<li style=\"list-style-type: none;\">\n<ul class=\"wp-block-list\">\n<li><strong>Vielf\u00e4ltiges und reichhaltiges Fr\u00fchst\u00fcck:<\/strong> la colazione offerta \u00e8 ricca e diversificata, soddisfacendo diversi gusti e preferenze. Pu\u00f2 essere servita all&#8217;aperto su una romantica terrazza che si affaccia su giardinetto.<\/li>\n<\/ul>\n<\/li>\n<\/ul>\n<p><!-- \/wp:list-item --><!-- wp:list-item --><\/p>\n<ul class=\"wp-block-list\">\n<li style=\"list-style-type: none;\">\n<ul class=\"wp-block-list\">\n<li><strong>Fahrradverleih:<\/strong> l&#8217;hotel offre un servizio di noleggio biciclette, permettendo agli ospiti di esplorare facilmente la zona circostante.<\/li>\n<\/ul>\n<\/li>\n<\/ul>\n<p><!-- \/wp:list-item --><!-- wp:list-item --><\/p>\n<ul class=\"wp-block-list\">\n<li style=\"list-style-type: none;\">\n<ul class=\"wp-block-list\">\n<li><strong>Hervorragende G\u00e4stebewertungen: <\/strong>Die Bewertungen der G\u00e4ste sind allgemein positiv, mit hohen Punktzahlen auf verschiedenen Buchungsplattformen.<\/li>\n<\/ul>\n<\/li>\n<\/ul>\n<p><!-- \/wp:list-item --><\/p>\n<p><!-- \/wp:list --><!-- wp:paragraph --><\/p>\n<p><!-- \/wp:paragraph --><\/p>\t\t\t\t\t\t<\/div>\n\t\t\t\t<\/div>\n\t\t\t\t\t<\/div>\n\t\t<\/div>\n\t\t\t\t\t\t\t<\/div>\n\t\t<\/section>\n\t\t\t\t\t\t\t<\/div>","protected":false},"excerpt":{"rendered":"","protected":false},"author":2,"featured_media":0,"parent":0,"menu_order":0,"comment_status":"closed","ping_status":"closed","template":"","meta":{"footnotes":""},"class_list":["post-7128","page","type-page","status-publish","hentry"],"_links":{"self":[{"href":"https:\/\/albergosavoy.com\/de\/wp-json\/wp\/v2\/pages\/7128","targetHints":{"allow":["GET"]}}],"collection":[{"href":"https:\/\/albergosavoy.com\/de\/wp-json\/wp\/v2\/pages"}],"about":[{"href":"https:\/\/albergosavoy.com\/de\/wp-json\/wp\/v2\/types\/page"}],"author":[{"embeddable":true,"href":"https:\/\/albergosavoy.com\/de\/wp-json\/wp\/v2\/users\/2"}],"replies":[{"embeddable":true,"href":"https:\/\/albergosavoy.com\/de\/wp-json\/wp\/v2\/comments?post=7128"}],"version-history":[{"count":14,"href":"https:\/\/albergosavoy.com\/de\/wp-json\/wp\/v2\/pages\/7128\/revisions"}],"predecessor-version":[{"id":7248,"href":"https:\/\/albergosavoy.com\/de\/wp-json\/wp\/v2\/pages\/7128\/revisions\/7248"}],"wp:attachment":[{"href":"https:\/\/albergosavoy.com\/de\/wp-json\/wp\/v2\/media?parent=7128"}],"curies":[{"name":"wp","href":"https:\/\/api.w.org\/{rel}","templated":true}]}}